{"id":5184,"date":"2021-12-12T17:46:11","date_gmt":"2021-12-12T17:46:11","guid":{"rendered":"https:\/\/tabuay.org\/digital-marketing"},"modified":"2021-12-12T20:48:03","modified_gmt":"2021-12-12T20:48:03","slug":"digital-marketing","status":"publish","type":"page","link":"https:\/\/tabuay.org\/en\/digital-marketing","title":{"rendered":"Digital Marketing"},"content":{"rendered":"<p><div class=\"fusion-fullwidth fullwidth-box fusion-builder-row-1 fusion-flex-container nonhundred-percent-fullwidth non-hundred-percent-height-scrolling\" style=\"--awb-border-radius-top-left:0px;--awb-border-radius-top-right:0px;--awb-border-radius-bottom-right:0px;--awb-border-radius-bottom-left:0px;--awb-padding-top:60px;--awb-padding-top-medium:32px;--awb-padding-top-small:20px;--awb-background-image:radial-gradient(circle at center top, #e8fef2 62%,#ffffff 62%);;\" ><div class=\"fusion-builder-row fusion-row fusion-flex-align-items-flex-start fusion-flex-justify-content-center\" style=\"max-width:1372.8px;margin-left: calc(-4% \/ 2 );margin-right: calc(-4% \/ 2 );\"><div class=\"fusion-layout-column fusion_builder_column fusion-builder-column-0 fusion_builder_column_3_5 3_5 fusion-flex-column fusion-animated\" style=\"--awb-bg-size:cover;--awb-width-large:60%;--awb-margin-top-large:20px;--awb-spacing-right-large:3.2%;--awb-margin-bottom-large:48px;--awb-spacing-left-large:3.2%;--awb-width-medium:75%;--awb-spacing-right-medium:2.56%;--awb-margin-bottom-medium:40px;--awb-spacing-left-medium:2.56%;--awb-width-small:100%;--awb-spacing-right-small:1.92%;--awb-spacing-left-small:1.92%;\" data-animationType=\"fadeInDown\" data-animationDuration=\"1.6\" data-animationOffset=\"top-into-view\"><div class=\"fusion-column-wrapper fusion-column-has-shadow fusion-flex-justify-content-flex-start fusion-content-layout-column\"><i class=\"fb-icon-element-1 fb-icon-element fontawesome-icon icon-mkb-group circle-yes\" style=\"--awb-iconcolor:#3bc77b;--awb-iconcolor-hover:#ffffff;--awb-circlecolor:#ffffff;--awb-circlecolor-hover:#3bc77b;--awb-circlebordercolor-hover:#ffe7da;--awb-circlebordersize:0px;--awb-font-size:36.96px;--awb-width:73.92px;--awb-height:73.92px;--awb-line-height:73.92px;--awb-align-self:center;--awb-margin-top:0px;--awb-margin-right:0px;--awb-margin-bottom:12px;--awb-margin-left:0px;\"><\/i><div class=\"fusion-title title fusion-title-1 fusion-sep-none fusion-title-center fusion-title-text fusion-title-size-six\" style=\"--awb-margin-bottom:4px;--awb-margin-top-small:4px;--awb-margin-bottom-small:4px;--awb-margin-top-medium:4px;--awb-margin-bottom-medium:4px;\"><h6 class=\"title-heading-center fusion-responsive-typography-calculated\" style=\"margin:0;--fontSize:20;--minFontSize:20;line-height:1.34;\">Extend Your Reach<\/h6><\/div><div class=\"fusion-title title fusion-title-2 fusion-sep-none fusion-title-center fusion-title-text fusion-title-size-one\"><h1 class=\"title-heading-center fusion-responsive-typography-calculated\" style=\"margin:0;--fontSize:72;line-height:1.12;\">Digital Marketing<\/h1><\/div><div class=\"fusion-text fusion-text-1\" style=\"--awb-content-alignment:center;--awb-font-size:30px;--awb-line-height:1.4em;--awb-letter-spacing:-0.02em;--awb-text-transform:none;\"><p>Extend your market share with virtual spaces made specail for you!<\/p>\n<\/div><div style=\"text-align:center;\"><a class=\"fusion-button button-flat fusion-button-default-size button-custom fusion-button-default button-1 fusion-button-default-span fusion-button-default-type\" style=\"--button_accent_color:#ffffff;--button_accent_hover_color:#ffffff;--button_border_hover_color:#ffffff;--button_gradient_top_color:#3bc77b;--button_gradient_bottom_color:#3bc77b;--button_gradient_top_color_hover:#2bbc6e;--button_gradient_bottom_color_hover:#2bbc6e;--button_margin-top:16px;\" target=\"_self\" href=\"https:\/\/tabuay.org\/en\/contact\"><span class=\"fusion-button-text\">Contact Us<\/span><\/a><\/div><\/div><\/div><div class=\"fusion-layout-column fusion_builder_column fusion-builder-column-1 fusion_builder_column_1_2 1_2 fusion-flex-column fusion-animated\" style=\"--awb-bg-size:cover;--awb-width-large:50%;--awb-margin-top-large:20px;--awb-spacing-right-large:3.84%;--awb-margin-bottom-large:20px;--awb-spacing-left-large:3.84%;--awb-width-medium:50%;--awb-order-medium:0;--awb-spacing-right-medium:3.84%;--awb-margin-bottom-medium:60px;--awb-spacing-left-medium:3.84%;--awb-width-small:100%;--awb-order-small:0;--awb-spacing-right-small:1.92%;--awb-margin-bottom-small:20px;--awb-spacing-left-small:1.92%;\" data-animationType=\"fadeInUp\" data-animationDuration=\"1.2\" data-animationOffset=\"top-into-view\"><div class=\"fusion-column-wrapper fusion-column-has-shadow fusion-flex-justify-content-flex-start fusion-content-layout-column\"><div class=\"fusion-image-element \" style=\"--awb-caption-title-size:var(--h2_typography-font-size);--awb-caption-title-transform:var(--h2_typography-text-transform);--awb-caption-title-line-height:var(--h2_typography-line-height);--awb-caption-title-letter-spacing:var(--h2_typography-letter-spacing);\"><span class=\" fusion-imageframe imageframe-none imageframe-1 hover-type-none\" style=\"border-radius:8px;\"><img decoding=\"async\" width=\"1256\" height=\"1090\" title=\"Digital marketing strategy\" src=\"data:image\/svg+xml,%3Csvg%20xmlns%3D%27http%3A%2F%2Fwww.w3.org%2F2000%2Fsvg%27%20width%3D%271256%27%20height%3D%271090%27%20viewBox%3D%270%200%201256%201090%27%3E%3Crect%20width%3D%271256%27%20height%3D%271090%27%20fill-opacity%3D%220%22%2F%3E%3C%2Fsvg%3E\" data-orig-src=\"https:\/\/tabuay.org\/oahupsov\/2020\/07\/digital-marketing-strategy.png\" alt class=\"lazyload img-responsive wp-image-4814\"\/><\/span><\/div><\/div><\/div><\/div><\/div><div class=\"fusion-fullwidth fullwidth-box fusion-builder-row-2 fusion-flex-container nonhundred-percent-fullwidth non-hundred-percent-height-scrolling\" style=\"--awb-border-radius-top-left:0px;--awb-border-radius-top-right:0px;--awb-border-radius-bottom-right:0px;--awb-border-radius-bottom-left:0px;--awb-padding-top:60px;--awb-padding-bottom:60px;\" ><div class=\"fusion-builder-row fusion-row fusion-flex-align-items-center\" style=\"max-width:1372.8px;margin-left: calc(-4% \/ 2 );margin-right: calc(-4% \/ 2 );\"><div class=\"fusion-layout-column fusion_builder_column fusion-builder-column-2 fusion-flex-column fusion-animated\" style=\"--awb-bg-size:cover;--awb-width-large:60%;--awb-margin-top-large:20px;--awb-spacing-right-large:12.8%;--awb-margin-bottom-large:20px;--awb-spacing-left-large:12.8%;--awb-width-medium:60%;--awb-order-medium:0;--awb-spacing-right-medium:11.2%;--awb-spacing-left-medium:8%;--awb-width-small:100%;--awb-order-small:1;--awb-spacing-right-small:1.92%;--awb-spacing-left-small:1.92%;\" data-animationType=\"fadeInLeft\" data-animationDuration=\"1.6\" data-animationOffset=\"top-into-view\"><div class=\"fusion-column-wrapper fusion-column-has-shadow fusion-flex-justify-content-flex-start fusion-content-layout-column\"><div class=\"fusion-title title fusion-title-3 fusion-sep-none fusion-title-highlight fusion-loop-off fusion-highlight-curly fusion-title-size-two\" style=\"--awb-highlight-top-margin:3px;--awb-highlight-width:3;--awb-margin-bottom:40px;--awb-font-size:40px;\" data-highlight=\"curly\"><h2 class=\"title-heading-left fusion-responsive-typography-calculated\" style=\"margin:0;font-size:1em;--fontSize:40;line-height:1.14;\"><span class=\"fusion-highlighted-text-prefix\"><\/span> <span class=\"fusion-highlighted-text-wrapper\"><span class=\"fusion-highlighted-text\">Why Digital Marketing?<\/span><\/span> <span class=\"fusion-highlighted-text-postfix\"><\/span><\/h2><\/div><div class=\"fusion-title title fusion-title-4 fusion-sep-none fusion-title-text fusion-title-size-six\"><h6 class=\"title-heading-left fusion-responsive-typography-calculated\" style=\"margin:0;--fontSize:20;--minFontSize:20;line-height:1.34;\">Growing the accessibility of your products and services is effectively done with using virtual space the modern world provides. Reach the masses using the vast space of internet!<\/h6><\/div><div class=\"accordian fusion-accordian\" style=\"--awb-border-size:0px;--awb-icon-size:28px;--awb-content-font-size:20px;--awb-icon-alignment:left;--awb-hover-color:#ffffff;--awb-border-color:rgba(0,0,0,0.08);--awb-background-color:#ffffff;--awb-divider-color:rgba(0,0,0,0.08);--awb-divider-hover-color:rgba(0,0,0,0.08);--awb-icon-color:#f86011;--awb-title-color:#000000;--awb-content-color:#000000;--awb-icon-box-color:#ffffff;--awb-toggle-hover-accent-color:#f86011;--awb-title-font-family:&quot;DM Sans&quot;;--awb-title-font-weight:500;--awb-title-font-style:normal;--awb-title-font-size:30px;--awb-title-letter-spacing:-0.016em;--awb-title-line-height:1.4;--awb-content-font-family:&quot;DM Sans&quot;;--awb-content-font-style:normal;--awb-content-font-weight:400;\"><div class=\"panel-group fusion-toggle-icon-unboxed\" id=\"accordion-5184-1\"><div class=\"fusion-panel panel-default panel-747ce766bc800e669 fusion-toggle-no-divider fusion-toggle-boxed-mode\"><div class=\"panel-heading\"><h4 class=\"panel-title toggle\" id=\"toggle_747ce766bc800e669\"><a class=\"active\" aria-expanded=\"true\" aria-controls=\"747ce766bc800e669\" role=\"button\" data-toggle=\"collapse\" data-parent=\"#accordion-5184-1\" data-target=\"#747ce766bc800e669\" href=\"#747ce766bc800e669\"><span class=\"fusion-toggle-icon-wrapper\" aria-hidden=\"true\"><i class=\"fa-fusion-box active-icon awb-icon-minus\" aria-hidden=\"true\"><\/i><i class=\"fa-fusion-box inactive-icon awb-icon-plus\" aria-hidden=\"true\"><\/i><\/span><span class=\"fusion-toggle-heading\"> Freelance Uses<\/span><\/a><\/h4><\/div><div id=\"747ce766bc800e669\" class=\"panel-collapse collapse in\" araia-labelledby=\"toggle_747ce766bc800e669\"><div class=\"panel-body toggle-content fusion-clearfix\">If you&#8217;re a freelancer we can catergorize your products and services to create your marketing space together! Start Now!<\/div><\/div><\/div><div class=\"fusion-panel panel-default panel-6ca8bd8a9e2fba27d fusion-toggle-no-divider fusion-toggle-boxed-mode\"><div class=\"panel-heading\"><h4 class=\"panel-title toggle\" id=\"toggle_6ca8bd8a9e2fba27d\"><a aria-expanded=\"false\" aria-controls=\"6ca8bd8a9e2fba27d\" role=\"button\" data-toggle=\"collapse\" data-parent=\"#accordion-5184-1\" data-target=\"#6ca8bd8a9e2fba27d\" href=\"#6ca8bd8a9e2fba27d\"><span class=\"fusion-toggle-icon-wrapper\" aria-hidden=\"true\"><i class=\"fa-fusion-box active-icon awb-icon-minus\" aria-hidden=\"true\"><\/i><i class=\"fa-fusion-box inactive-icon awb-icon-plus\" aria-hidden=\"true\"><\/i><\/span><span class=\"fusion-toggle-heading\">Corporate Uses<\/span><\/a><\/h4><\/div><div id=\"6ca8bd8a9e2fba27d\" class=\"panel-collapse collapse \" araia-labelledby=\"toggle_6ca8bd8a9e2fba27d\"><div class=\"panel-body toggle-content fusion-clearfix\">Let us help reach the masses by promoting your products and services on virtual marketing spaces. Start your growth now!<\/div><\/div><\/div><\/div><\/div><div class=\"fusion-lottie fusion-lottie-1 fusion-no-medium-visibility fusion-no-large-visibility\" data-id=\"1\"><div class=\"fusion-lottie-animation\" data-path=\"https:\/\/tabuay.org\/oahupsov\/2020\/08\/animated-man-standing.json\" data-loop=\"0\" data-reverse=\"0\" data-speed=\"1\" data-trigger=\"viewport\" data-animationoffset=\"top-into-view\"><lottie-player speed=\"1\"><\/lottie-player><\/div><\/div><div style=\"text-align:center;\"><a class=\"fusion-button button-flat fusion-button-default-size button-default fusion-button-default button-2 fusion-button-default-span fusion-button-default-type\" style=\"--button_margin-top:16px;\" target=\"_self\" href=\"https:\/\/tabuay.org\/en\/contact\"><span class=\"fusion-button-text\">Contact Us<\/span><\/a><\/div><\/div><\/div><div class=\"fusion-layout-column fusion_builder_column fusion-builder-column-3 fusion-flex-column fusion-no-small-visibility fusion-animated\" style=\"--awb-bg-size:cover;--awb-width-large:40%;--awb-margin-top-large:20px;--awb-spacing-right-large:7.2%;--awb-margin-bottom-large:20px;--awb-spacing-left-large:7.2%;--awb-width-medium:40%;--awb-order-medium:0;--awb-spacing-right-medium:7.2%;--awb-spacing-left-medium:7.2%;--awb-width-small:100%;--awb-order-small:0;--awb-spacing-right-small:1.92%;--awb-spacing-left-small:1.92%;\" data-animationType=\"fadeInRight\" data-animationDuration=\"1.6\" data-animationOffset=\"top-into-view\"><div class=\"fusion-column-wrapper fusion-column-has-shadow fusion-flex-justify-content-center fusion-content-layout-column\"><div class=\"fusion-lottie fusion-lottie-2 fusion-no-small-visibility\" data-id=\"2\"><div class=\"fusion-lottie-animation\" data-path=\"https:\/\/tabuay.org\/oahupsov\/2021\/11\/30826-online-shopping.json\" data-loop=\"1\" data-reverse=\"0\" data-speed=\"1\" data-trigger=\"viewport\" data-animationoffset=\"top-into-view\"><lottie-player loop=\"1\" speed=\"1\"><\/lottie-player><\/div><\/div><\/div><\/div><\/div><\/div><div class=\"fusion-fullwidth fullwidth-box fusion-builder-row-3 fusion-flex-container nonhundred-percent-fullwidth non-hundred-percent-height-scrolling\" style=\"--awb-border-radius-top-left:0px;--awb-border-radius-top-right:0px;--awb-border-radius-bottom-right:0px;--awb-border-radius-bottom-left:0px;--awb-padding-top:60px;--awb-padding-bottom:60px;--awb-padding-top-medium:30px;--awb-padding-top-small:40px;--awb-padding-bottom-small:40px;\" ><div class=\"fusion-builder-row fusion-row fusion-flex-align-items-stretch\" style=\"max-width:1372.8px;margin-left: calc(-4% \/ 2 );margin-right: calc(-4% \/ 2 );\"><div class=\"fusion-layout-column fusion_builder_column fusion-builder-column-4 fusion_builder_column_1_1 1_1 fusion-flex-column fusion-animated\" style=\"--awb-bg-size:cover;--awb-width-large:100%;--awb-margin-top-large:20px;--awb-spacing-right-large:8.64%;--awb-margin-bottom-large:20px;--awb-spacing-left-large:8.64%;--awb-width-medium:100%;--awb-spacing-right-medium:4.8%;--awb-spacing-left-medium:6.72%;--awb-width-small:100%;--awb-spacing-right-small:1.92%;--awb-spacing-left-small:1.92%;\" data-animationType=\"fadeInRight\" data-animationDuration=\"1.6\" data-animationOffset=\"top-into-view\"><div class=\"fusion-column-wrapper fusion-column-has-shadow fusion-flex-justify-content-flex-start fusion-content-layout-column\"><div class=\"fusion-content-boxes content-boxes columns row fusion-columns-2 fusion-columns-total-4 fusion-content-boxes-1 content-boxes-icon-boxed content-left\" style=\"--awb-hover-accent-color:#f86011;--awb-circle-hover-accent-color:#f86011;\" data-animationOffset=\"top-into-view\"><div style=\"--awb-backgroundcolor:rgba(255,255,255,0);\" class=\"fusion-column content-box-column content-box-column content-box-column-1 col-lg-6 col-md-6 col-sm-6 fusion-content-box-hover content-box-column-first-in-row\"><div class=\"col content-box-wrapper content-wrapper content-wrapper-boxed link-area-link-icon content-icon-wrapper-yes icon-hover-animation-fade\" data-animationOffset=\"top-into-view\"><div class=\"heading heading-with-icon icon-left\"><div class=\"icon\"><span style=\"height:42px;width:42px;line-height:22px;border-color:rgba(255,255,255,0);border-width:1px;border-style:solid;background-color:#f86011;position:absolute;top:-71px;margin-left:-21px;box-sizing:content-box;border-radius:50%;\"><i style=\"border-color:#f86011;border-width:1px;background-color:#f86011;box-sizing:content-box;height:40px;width:40px;line-height:40px;border-radius:50%;position:relative;top:auto;left:auto;margin:0;border-radius:50%;font-size:20px;\" aria-hidden=\"true\" class=\"fontawesome-icon fa-bacon fas circle-yes\"><\/i><\/span><\/div><h2 class=\"content-box-heading fusion-responsive-typography-calculated\" style=\"--h2_typography-font-size:24px;--fontSize:24;line-height:1.14;\">Ads and Promotion<\/h2><\/div><div class=\"fusion-clearfix\"><\/div><div class=\"content-container\">Let&#8217;s create ads with animations and videos that will represent your products together! The process doesn&#8217;t end with production&#8230;<\/div><\/div><\/div><div style=\"--awb-backgroundcolor:rgba(255,255,255,0);\" class=\"fusion-column content-box-column content-box-column content-box-column-2 col-lg-6 col-md-6 col-sm-6 fusion-content-box-hover content-box-column-last-in-row\"><div class=\"col content-box-wrapper content-wrapper content-wrapper-boxed link-area-link-icon content-icon-wrapper-yes icon-hover-animation-fade\" data-animationOffset=\"top-into-view\"><div class=\"heading heading-with-icon icon-left\"><div class=\"icon\"><span style=\"height:42px;width:42px;line-height:22px;border-color:rgba(255,255,255,0);border-width:1px;border-style:solid;background-color:#f86011;position:absolute;top:-71px;margin-left:-21px;box-sizing:content-box;border-radius:50%;\"><i style=\"border-color:#f86011;border-width:1px;background-color:#f86011;box-sizing:content-box;height:40px;width:40px;line-height:40px;border-radius:50%;position:relative;top:auto;left:auto;margin:0;border-radius:50%;font-size:20px;\" aria-hidden=\"true\" class=\"fontawesome-icon fa-bacon fas circle-yes\"><\/i><\/span><\/div><h2 class=\"content-box-heading fusion-responsive-typography-calculated\" style=\"--h2_typography-font-size:24px;--fontSize:24;line-height:1.14;\">Social Media Management<\/h2><\/div><div class=\"fusion-clearfix\"><\/div><div class=\"content-container\">Effective usage of soial media spaces is effective in enlarging your marketing mass&#8230;<\/div><\/div><\/div><div style=\"--awb-backgroundcolor:rgba(255,255,255,0);\" class=\"fusion-column content-box-column content-box-column content-box-column-3 col-lg-6 col-md-6 col-sm-6 fusion-content-box-hover content-box-column-first-in-row\"><div class=\"col content-box-wrapper content-wrapper content-wrapper-boxed link-area-link-icon content-icon-wrapper-yes icon-hover-animation-fade\" data-animationOffset=\"top-into-view\"><div class=\"heading heading-with-icon icon-left\"><div class=\"icon\"><span style=\"height:42px;width:42px;line-height:22px;border-color:rgba(255,255,255,0);border-width:1px;border-style:solid;background-color:#f86011;position:absolute;top:-71px;margin-left:-21px;box-sizing:content-box;border-radius:50%;\"><i style=\"border-color:#f86011;border-width:1px;background-color:#f86011;box-sizing:content-box;height:40px;width:40px;line-height:40px;border-radius:50%;position:relative;top:auto;left:auto;margin:0;border-radius:50%;font-size:20px;\" aria-hidden=\"true\" class=\"fontawesome-icon fa-bacon fas circle-yes\"><\/i><\/span><\/div><h2 class=\"content-box-heading fusion-responsive-typography-calculated\" style=\"--h2_typography-font-size:24px;--fontSize:24;line-height:1.14;\">Your Unique Internet Space<\/h2><\/div><div class=\"fusion-clearfix\"><\/div><div class=\"content-container\">We create personalized virtual spaces to make your products and services acessible by the masses!<\/div><\/div><\/div><div style=\"--awb-backgroundcolor:rgba(255,255,255,0);\" class=\"fusion-column content-box-column content-box-column content-box-column-4 col-lg-6 col-md-6 col-sm-6 fusion-content-box-hover content-box-column-last content-box-column-last-in-row\"><div class=\"col content-box-wrapper content-wrapper content-wrapper-boxed link-area-link-icon content-icon-wrapper-yes icon-hover-animation-fade\" data-animationOffset=\"top-into-view\"><div class=\"heading heading-with-icon icon-left\"><div class=\"icon\"><span style=\"height:42px;width:42px;line-height:22px;border-color:rgba(255,255,255,0);border-width:1px;border-style:solid;background-color:#f86011;position:absolute;top:-71px;margin-left:-21px;box-sizing:content-box;border-radius:50%;\"><i style=\"border-color:#f86011;border-width:1px;background-color:#f86011;box-sizing:content-box;height:40px;width:40px;line-height:40px;border-radius:50%;position:relative;top:auto;left:auto;margin:0;border-radius:50%;font-size:20px;\" aria-hidden=\"true\" class=\"fontawesome-icon fa-bacon fas circle-yes\"><\/i><\/span><\/div><h2 class=\"content-box-heading fusion-responsive-typography-calculated\" style=\"--h2_typography-font-size:24px;--fontSize:24;line-height:1.14;\">Corporate Identity<\/h2><\/div><div class=\"fusion-clearfix\"><\/div><div class=\"content-container\">We create personalized virtual spaces to make your products and services acessible by the masses!<\/div><\/div><\/div><div class=\"fusion-clearfix\"><\/div><\/div><\/div><\/div><\/div><\/div><\/p>\n","protected":false},"excerpt":{"rendered":"","protected":false},"author":1,"featured_media":0,"parent":0,"menu_order":0,"comment_status":"closed","ping_status":"closed","template":"100-width.php","meta":[],"yoast_head":"\n<title>Digital Marketing<\/title>\n<meta name=\"description\" content=\"Kurumsal vizyon ve sosyal medya y\u00f6netiminin de i\u00e7inde yer ald\u0131\u011f\u0131 dijital pazarlama hizmetiyle etkile\u015fiminizi ve pop\u00fclerli\u011finizi y\u00fckseli\u015fe ge\u00e7irelim.\" \/>\n<meta name=\"robots\" content=\"index, follow, max-snippet:-1, max-image-preview:large, max-video-preview:-1\" \/>\n<link rel=\"canonical\" href=\"https:\/\/tabuay.org\/en\/digital-marketing\" \/>\n<meta property=\"og:locale\" content=\"en_US\" \/>\n<meta property=\"og:type\" content=\"article\" \/>\n<meta property=\"og:title\" content=\"Digital Marketing\" \/>\n<meta property=\"og:description\" content=\"Kurumsal vizyon ve sosyal medya y\u00f6netiminin de i\u00e7inde yer ald\u0131\u011f\u0131 dijital pazarlama hizmetiyle etkile\u015fiminizi ve pop\u00fclerli\u011finizi y\u00fckseli\u015fe ge\u00e7irelim.\" \/>\n<meta property=\"og:url\" content=\"https:\/\/tabuay.org\/en\/digital-marketing\" \/>\n<meta property=\"og:site_name\" content=\"TaBuAy\" \/>\n<meta property=\"article:modified_time\" content=\"2021-12-12T20:48:03+00:00\" \/>\n<meta name=\"twitter:card\" content=\"summary_large_image\" \/>\n<meta name=\"twitter:label1\" content=\"Est. reading time\" \/>\n\t<meta name=\"twitter:data1\" content=\"15 minutes\" \/>\n<script type=\"application\/ld+json\" class=\"yoast-schema-graph\">{\"@context\":\"https:\/\/schema.org\",\"@graph\":[{\"@type\":\"WebPage\",\"@id\":\"https:\/\/tabuay.org\/en\/digital-marketing\",\"url\":\"https:\/\/tabuay.org\/en\/digital-marketing\",\"name\":\"Digital Marketing\",\"isPartOf\":{\"@id\":\"https:\/\/tabuay.org\/#website\"},\"datePublished\":\"2021-12-12T17:46:11+00:00\",\"dateModified\":\"2021-12-12T20:48:03+00:00\",\"description\":\"Kurumsal vizyon ve sosyal medya y\u00f6netiminin de i\u00e7inde yer ald\u0131\u011f\u0131 dijital pazarlama hizmetiyle etkile\u015fiminizi ve pop\u00fclerli\u011finizi y\u00fckseli\u015fe ge\u00e7irelim.\",\"breadcrumb\":{\"@id\":\"https:\/\/tabuay.org\/en\/digital-marketing#breadcrumb\"},\"inLanguage\":\"en-US\",\"potentialAction\":[{\"@type\":\"ReadAction\",\"target\":[\"https:\/\/tabuay.org\/en\/digital-marketing\"]}]},{\"@type\":\"BreadcrumbList\",\"@id\":\"https:\/\/tabuay.org\/en\/digital-marketing#breadcrumb\",\"itemListElement\":[{\"@type\":\"ListItem\",\"position\":1,\"name\":\"Anasayfa\",\"item\":\"https:\/\/tabuay.org\/en\"},{\"@type\":\"ListItem\",\"position\":2,\"name\":\"Digital Marketing\"}]},{\"@type\":\"WebSite\",\"@id\":\"https:\/\/tabuay.org\/#website\",\"url\":\"https:\/\/tabuay.org\/\",\"name\":\"TaBuAy\",\"description\":\"Yaz\u0131l\u0131m ve Tasar\u0131m Ajans\u0131\",\"publisher\":{\"@id\":\"https:\/\/tabuay.org\/#organization\"},\"potentialAction\":[{\"@type\":\"SearchAction\",\"target\":{\"@type\":\"EntryPoint\",\"urlTemplate\":\"https:\/\/tabuay.org\/?s={search_term_string}\"},\"query-input\":\"required name=search_term_string\"}],\"inLanguage\":\"en-US\"},{\"@type\":\"Organization\",\"@id\":\"https:\/\/tabuay.org\/#organization\",\"name\":\"TaBuAy\",\"url\":\"https:\/\/tabuay.org\/\",\"logo\":{\"@type\":\"ImageObject\",\"inLanguage\":\"en-US\",\"@id\":\"https:\/\/tabuay.org\/#\/schema\/logo\/image\/\",\"url\":\"https:\/\/tabuay.org\/oahupsov\/2021\/11\/tabuay_eye_logo.png\",\"contentUrl\":\"https:\/\/tabuay.org\/oahupsov\/2021\/11\/tabuay_eye_logo.png\",\"width\":1256,\"height\":1090,\"caption\":\"TaBuAy\"},\"image\":{\"@id\":\"https:\/\/tabuay.org\/#\/schema\/logo\/image\/\"}}]}<\/script>\n","yoast_head_json":{"title":"Digital Marketing","description":"Kurumsal vizyon ve sosyal medya y\u00f6netiminin de i\u00e7inde yer ald\u0131\u011f\u0131 dijital pazarlama hizmetiyle etkile\u015fiminizi ve pop\u00fclerli\u011finizi y\u00fckseli\u015fe ge\u00e7irelim.","robots":{"index":"index","follow":"follow","max-snippet":"max-snippet:-1","max-image-preview":"max-image-preview:large","max-video-preview":"max-video-preview:-1"},"canonical":"https:\/\/tabuay.org\/en\/digital-marketing","og_locale":"en_US","og_type":"article","og_title":"Digital Marketing","og_description":"Kurumsal vizyon ve sosyal medya y\u00f6netiminin de i\u00e7inde yer ald\u0131\u011f\u0131 dijital pazarlama hizmetiyle etkile\u015fiminizi ve pop\u00fclerli\u011finizi y\u00fckseli\u015fe ge\u00e7irelim.","og_url":"https:\/\/tabuay.org\/en\/digital-marketing","og_site_name":"TaBuAy","article_modified_time":"2021-12-12T20:48:03+00:00","twitter_card":"summary_large_image","twitter_misc":{"Est. reading time":"15 minutes"},"schema":{"@context":"https:\/\/schema.org","@graph":[{"@type":"WebPage","@id":"https:\/\/tabuay.org\/en\/digital-marketing","url":"https:\/\/tabuay.org\/en\/digital-marketing","name":"Digital Marketing","isPartOf":{"@id":"https:\/\/tabuay.org\/#website"},"datePublished":"2021-12-12T17:46:11+00:00","dateModified":"2021-12-12T20:48:03+00:00","description":"Kurumsal vizyon ve sosyal medya y\u00f6netiminin de i\u00e7inde yer ald\u0131\u011f\u0131 dijital pazarlama hizmetiyle etkile\u015fiminizi ve pop\u00fclerli\u011finizi y\u00fckseli\u015fe ge\u00e7irelim.","breadcrumb":{"@id":"https:\/\/tabuay.org\/en\/digital-marketing#breadcrumb"},"inLanguage":"en-US","potentialAction":[{"@type":"ReadAction","target":["https:\/\/tabuay.org\/en\/digital-marketing"]}]},{"@type":"BreadcrumbList","@id":"https:\/\/tabuay.org\/en\/digital-marketing#breadcrumb","itemListElement":[{"@type":"ListItem","position":1,"name":"Anasayfa","item":"https:\/\/tabuay.org\/en"},{"@type":"ListItem","position":2,"name":"Digital Marketing"}]},{"@type":"WebSite","@id":"https:\/\/tabuay.org\/#website","url":"https:\/\/tabuay.org\/","name":"TaBuAy","description":"Yaz\u0131l\u0131m ve Tasar\u0131m Ajans\u0131","publisher":{"@id":"https:\/\/tabuay.org\/#organization"},"potentialAction":[{"@type":"SearchAction","target":{"@type":"EntryPoint","urlTemplate":"https:\/\/tabuay.org\/?s={search_term_string}"},"query-input":"required name=search_term_string"}],"inLanguage":"en-US"},{"@type":"Organization","@id":"https:\/\/tabuay.org\/#organization","name":"TaBuAy","url":"https:\/\/tabuay.org\/","logo":{"@type":"ImageObject","inLanguage":"en-US","@id":"https:\/\/tabuay.org\/#\/schema\/logo\/image\/","url":"https:\/\/tabuay.org\/oahupsov\/2021\/11\/tabuay_eye_logo.png","contentUrl":"https:\/\/tabuay.org\/oahupsov\/2021\/11\/tabuay_eye_logo.png","width":1256,"height":1090,"caption":"TaBuAy"},"image":{"@id":"https:\/\/tabuay.org\/#\/schema\/logo\/image\/"}}]}},"_links":{"self":[{"href":"https:\/\/tabuay.org\/en\/wp-json\/wp\/v2\/pages\/5184"}],"collection":[{"href":"https:\/\/tabuay.org\/en\/wp-json\/wp\/v2\/pages"}],"about":[{"href":"https:\/\/tabuay.org\/en\/wp-json\/wp\/v2\/types\/page"}],"author":[{"embeddable":true,"href":"https:\/\/tabuay.org\/en\/wp-json\/wp\/v2\/users\/1"}],"replies":[{"embeddable":true,"href":"https:\/\/tabuay.org\/en\/wp-json\/wp\/v2\/comments?post=5184"}],"version-history":[{"count":0,"href":"https:\/\/tabuay.org\/en\/wp-json\/wp\/v2\/pages\/5184\/revisions"}],"wp:attachment":[{"href":"https:\/\/tabuay.org\/en\/wp-json\/wp\/v2\/media?parent=5184"}],"curies":[{"name":"wp","href":"https:\/\/api.w.org\/{rel}","templated":true}]}}